{"id":356,"date":"2025-02-14T18:46:49","date_gmt":"2025-02-14T17:46:49","guid":{"rendered":"https:\/\/knackenscharf.de\/?page_id=356"},"modified":"2025-02-16T14:22:15","modified_gmt":"2025-02-16T13:22:15","slug":"faq","status":"publish","type":"page","link":"https:\/\/knackenscharf.de\/?page_id=356","title":{"rendered":"FAQ"},"content":{"rendered":"\t\t<div data-elementor-type=\"wp-page\" data-elementor-id=\"356\" class=\"elementor elementor-356\" data-elementor-post-type=\"page\">\n\t\t\t\t\t\t<section class=\"elementor-section elementor-top-section elementor-element elementor-element-7ab43f16 elementor-section-height-min-height elementor-section-boxed elementor-section-height-default elementor-section-items-middle\" data-id=\"7ab43f16\" data-element_type=\"section\" data-settings=\"{&quot;background_background&quot;:&quot;classic&quot;}\">\n\t\t\t\t\t\t\t<div class=\"elementor-background-overlay\"><\/div>\n\t\t\t\t\t\t\t<div class=\"elementor-container elementor-column-gap-no\">\n\t\t\t\t\t<div class=\"elementor-column elementor-col-100 elementor-top-column elementor-element elementor-element-4edfc683\" data-id=\"4edfc683\" data-element_type=\"column\">\n\t\t\t<div class=\"elementor-widget-wrap elementor-element-populated\">\n\t\t\t\t\t\t<div class=\"elementor-element elementor-element-6cee00b9 elementor-widget elementor-widget-qi_addons_for_elementor_section_title\" data-id=\"6cee00b9\" data-element_type=\"widget\" data-widget_type=\"qi_addons_for_elementor_section_title.default\">\n\t\t\t\t<div class=\"elementor-widget-container\">\n\t\t\t\t\t<div class=\"qodef-shortcode qodef-m qodef-qi-section-title qodef-decoration--underline qodef-link--underline-draw qodef-subtitle-icon--left\">\n\t\t\t<h1 class=\"qodef-m-title\">\n\t\tKl\u00e4ren <span class=\"qodef-e-colored\">wir<\/span> offene Fragen!\t<\/h1>\n\t\t\t\t\t\t<\/div>\n\t\t\t\t<\/div>\n\t\t\t\t<\/div>\n\t\t\t\t\t<\/div>\n\t\t<\/div>\n\t\t\t\t\t<\/div>\n\t\t<\/section>\n\t\t\t\t<section class=\"elementor-section elementor-top-section elementor-element elementor-element-78fe926d elementor-section-boxed elementor-section-height-default elementor-section-height-default\" data-id=\"78fe926d\" data-element_type=\"section\">\n\t\t\t\t\t\t<div class=\"elementor-container elementor-column-gap-no\">\n\t\t\t\t\t<div class=\"elementor-column elementor-col-50 elementor-top-column elementor-element elementor-element-5ff86c1b\" data-id=\"5ff86c1b\" data-element_type=\"column\">\n\t\t\t<div class=\"elementor-widget-wrap elementor-element-populated\">\n\t\t\t\t\t\t<div class=\"elementor-element elementor-element-21d29c02 elementor-widget elementor-widget-qi_addons_for_elementor_section_title\" data-id=\"21d29c02\" data-element_type=\"widget\" data-widget_type=\"qi_addons_for_elementor_section_title.default\">\n\t\t\t\t<div class=\"elementor-widget-container\">\n\t\t\t\t\t<div class=\"qodef-shortcode qodef-m qodef-qi-section-title qodef-decoration--underline qodef-link--underline-draw qodef-subtitle-icon--left\">\n\t\t\t\t\t\t<h3 class=\"qodef-m-title\">\n\t\t<span class=\"qodef-e-colored\">FAQ<\/span>\t<\/h3>\n\t\t\t<\/div>\n\t\t\t\t<\/div>\n\t\t\t\t<\/div>\n\t\t\t\t\t<\/div>\n\t\t<\/div>\n\t\t\t\t<div class=\"elementor-column elementor-col-50 elementor-top-column elementor-element elementor-element-47d70735\" data-id=\"47d70735\" data-element_type=\"column\">\n\t\t\t<div class=\"elementor-widget-wrap elementor-element-populated\">\n\t\t\t\t\t\t<div class=\"elementor-element elementor-element-5051d4e5 elementor-widget elementor-widget-qi_addons_for_elementor_faq\" data-id=\"5051d4e5\" data-element_type=\"widget\" data-widget_type=\"qi_addons_for_elementor_faq.default\">\n\t\t\t\t<div class=\"elementor-widget-container\">\n\t\t\t\t\t<div class=\"qodef-shortcode qodef-m qodef-qi-faq qodef-qi-clear qodef-behavior--none qodef-layout--simple qodef-style--boxed\">\n\t<h3 class=\"qodef-e-title-holder\">\n\t<span class=\"qodef-e-title\">\n\t\t\t\tWie lange fotografierst du schon?\t<\/span>\n\t<\/h3>\n<div class=\"qodef-e-content\">\n\t<div class=\"qodef-e-content-inner\">\n\t\t<p>Im Jahr 2005 habe ich die erste Spiegelreflexkamera angeschafft - und was ganz zwanglos begann, artete schnell aus. Ich bin zwar keine gelernte Fotografin, aber wenn man etwas aus Leidenschaft macht, dann ist es keine Arbeit.<\/p>\t<\/div>\n<\/div>\n<h3 class=\"qodef-e-title-holder\">\n\t<span class=\"qodef-e-title\">\n\t\t\t\tWieviele Hochzeiten fotografierst du?\t<\/span>\n\t<\/h3>\n<div class=\"qodef-e-content\">\n\t<div class=\"qodef-e-content-inner\">\n\t\t<p>Das kann ich nicht pauschal sagen. Ich bin ein sehr individueller &amp; straighter Mensch. Bei mir gibt es keine Massenabfertigung. Ich nehme mir f\u00fcr die Bearbeitung der Bilder die Zeit, die es braucht. Nicht jeder Stil passt zu jedem Brautpaar. Und da m\u00f6chte ich mich nicht schon auf die n\u00e4chste Hochzeit gedanklich vorbereiten m\u00fcssen, wo ich noch mit der vorherigen besch\u00e4ftigt bin. Mein Workflow beinhaltet ein Projekt pro Monat, und das ist gut so. Meine Leidenschaft soll nicht in Stress ausarten.<\/p>\t<\/div>\n<\/div>\n<h3 class=\"qodef-e-title-holder\">\n\t<span class=\"qodef-e-title\">\n\t\t\t\tWie fr\u00fch sollte man einen Fotografen buchen?\t<\/span>\n\t<\/h3>\n<div class=\"qodef-e-content\">\n\t<div class=\"qodef-e-content-inner\">\n\t\t<p>Sobald ihr euch auf einen Termin geeinigt habt. Da Hochzeiten vorwiegend am Wochenende stattfinden, sind beliebte Daten fr\u00fch vergeben. Termine unter der Woche sind h\u00e4ufiger verf\u00fcgbar. Paar- und Familienshootings sind immer kurzfristig verf\u00fcgbar.<\/p>\t<\/div>\n<\/div>\n<h3 class=\"qodef-e-title-holder\">\n\t<span class=\"qodef-e-title\">\n\t\t\t\tWie viel Bedenkzeit haben wir nach unserer Anfrage?\t<\/span>\n\t<\/h3>\n<div class=\"qodef-e-content\">\n\t<div class=\"qodef-e-content-inner\">\n\t\t<p>F\u00fcr ein beliebtes Hochzeitsdatum kommen nat\u00fcrlich \u00f6fter Anfragen als f\u00fcr andere Daten. Die Zusage f\u00fcr ein Datum bekommt das Paar, welches sich als erstes entscheidet. Wenn euer Wunschdatum noch verf\u00fcgbar ist, dann z\u00f6gert nicht zu lange. Das Datum ist erst mit Zahlung der Terminreservierungsgeb\u00fchr fest f\u00fcr euch reserviert.<\/p>\t<\/div>\n<\/div>\n<h3 class=\"qodef-e-title-holder\">\n\t<span class=\"qodef-e-title\">\n\t\t\t\tWieviele Fotos bekommen wir?\t<\/span>\n\t<\/h3>\n<div class=\"qodef-e-content\">\n\t<div class=\"qodef-e-content-inner\">\n\t\t<p>Bei einer Hochzeitsreportage enstehen schon mal 600-1000 Fotos, bei einem Paar-Shooting ca. 50-100 Fotos innerhalb einer Stunde. Grunds\u00e4tzlich bekommt ihr alle Fotos, die es nach meiner Vor-Selektierung in die n\u00e4chste Runde schaffen. Die genaue Anzahl h\u00e4ngt aber vom Umfang des gebuchten Paketes ab.<\/p>\t<\/div>\n<\/div>\n<h3 class=\"qodef-e-title-holder\">\n\t<span class=\"qodef-e-title\">\n\t\t\t\tWie lange m\u00fcssen wir auf die Fotos warten?\t<\/span>\n\t<\/h3>\n<div class=\"qodef-e-content\">\n\t<div class=\"qodef-e-content-inner\">\n\t\t<p>Auch das h\u00e4ngt vom gebuchten Paket ab. Die Bilder einer Hochzeitsreportage sind in der Regel 4 Wochen nach der Hochzeit fertig. Ein paar Tage nach der Hochzeit bekommt ihr bis zu 5 Exemplare vorab, damit ihr schon einen kleinen Vorgeschmack bekommt.<\/p><p>Die fertigen Fotos werden in einer Onlinegalerie mit Downloadm\u00f6glichkeit zur Verf\u00fcgung gestellt. \u00dcberlieferung der Daten auf USB-Stick oder Speicherkarte ist nat\u00fcrlich auch m\u00f6glich.<\/p>\t<\/div>\n<\/div>\n<h3 class=\"qodef-e-title-holder\">\n\t<span class=\"qodef-e-title\">\n\t\t\t\tWas machst du, wenn die Technik streikt?\t<\/span>\n\t<\/h3>\n<div class=\"qodef-e-content\">\n\t<div class=\"qodef-e-content-inner\">\n\t\t<p>Sollte die Kamera streiken: ich habe immer eine zweite dabei.<\/p><p>Weist ein Objektiv einen Defekt auf: ich habe drei weitere dabei.<\/p><p>Eine Speicherkarte hat fehlerhafte Daten gespeichert: in meinen Kameras befinden sich immer zwei Speicherkarten, die simultan aufzeichnen.<\/p><p>Ich bin mir sicher, dass das einer der Punkte ist, die einen Profi vom Dilettanten unterscheidet. Zu jedem Auftrag bringe ich eine Vielzahl an Akkus, Speicherkarten, Blitzen und Objektiven mit.<\/p>\t<\/div>\n<\/div>\n<h3 class=\"qodef-e-title-holder\">\n\t<span class=\"qodef-e-title\">\n\t\t\t\tBewahrst du eine Sicherung unserer Fotos auf?\t<\/span>\n\t<\/h3>\n<div class=\"qodef-e-content\">\n\t<div class=\"qodef-e-content-inner\">\n\t\t<p>Auf euren ausdr\u00fccklichen Wunsch speichere ich eure Fotos. In Zeiten von DSGVO-bedenklichen Daten ist das gar nicht mehr so einfach, mit eurer schriftlichen Beauftragung aber kein Problem.<br \/>Ich rate euch allerdings, zeitnah Kopien anzufertigen und die Dateien in einer Clound und zus\u00e4tzlich auf einem zweiten Stick oder einer externen Festplatte zu sichern.<\/p>\t<\/div>\n<\/div>\n<h3 class=\"qodef-e-title-holder\">\n\t<span class=\"qodef-e-title\">\n\t\t\t\tWie bezahlen wir?\t<\/span>\n\t<\/h3>\n<div class=\"qodef-e-content\">\n\t<div class=\"qodef-e-content-inner\">\n\t\t<p>Nach Vertragsabschluss ist innerhalb von 14 Tagen eine Terminreservierungsgeb\u00fchr in H\u00f6he von 30% der Gesamtsumme f\u00e4llig. Die Restsumme nach Eurer Hochzeit vor \u00dcberlieferung der Fotos. In jedem Fall k\u00f6nnt Ihr bequem \u00fcberweisen und m\u00fcsst nicht an Eurem Hochzeitstag mit Bargeld hantieren.<\/p>\t<\/div>\n<\/div>\n<h3 class=\"qodef-e-title-holder\">\n\t<span class=\"qodef-e-title\">\n\t\t\t\tD\u00fcrfen wir die Fotos privat ver\u00f6ffentlichen?\t<\/span>\n\t<\/h3>\n<div class=\"qodef-e-content\">\n\t<div class=\"qodef-e-content-inner\">\n\t\t<p>Ihr k\u00f6nnt die Fotos gerne privat ver\u00f6ffentlichen. Bez\u00fcglich meiner Namensnennung als Urheberrechtsinhaber seid ihr rechtlich gesehen strenggenommen sogar dazu verpflichtet, mich bei jeder ver\u00f6ffentlichten Aufnahme zu erw\u00e4hnen. Ich sehe das jedoch nicht so eng und \u00fcberlasse euch die Entscheidung. Selbstverst\u00e4ndlich freue ich mich aber sehr, wenn ihr mich nennt und verlinkt!<\/p><p>Falls ihr plant, meine Fotos kommerziell zu nutzen, bitte ich darum, sprecht mich bitte an, damit wir dies vertraglich regeln k\u00f6nnen.<\/p>\t<\/div>\n<\/div>\n<h3 class=\"qodef-e-title-holder\">\n\t<span class=\"qodef-e-title\">\n\t\t\t\tD\u00fcrfen wir deine Fotos bearbeiten?\t<\/span>\n\t<\/h3>\n<div class=\"qodef-e-content\">\n\t<div class=\"qodef-e-content-inner\">\n\t\t<p>Die Bearbeitung meiner Fotos ist nicht erlaubt. Der Bearbeitungsstil geh\u00f6rt zu meiner professionellen Arbeit als Hochzeitsfotograf und ist ein wesentlicher Bestandteil meiner Bildsprache und meiner Kreativit\u00e4t. Daher ist es nicht gestattet, die Fotos durch euch oder Dritte zu bearbeiten oder zu ver\u00e4ndern. Dies gilt auch f\u00fcr s\u00e4mtliche social-media-Filter von Instagram, Facebook und Co.<\/p>\t<\/div>\n<\/div>\n<\/div>\n\t<script type=\"application\/ld+json\">{\"@context\":\"https:\\\/\\\/schema.org\",\"@type\":\"FAQPage\",\"mainEntity\":[{\"@type\":\"Question\",\"name\":\"Wie lange fotografierst du schon?\",\"acceptedAnswer\":{\"@type\":\"Answer\",\"text\":\"<p>Im Jahr 2005 habe ich die erste Spiegelreflexkamera angeschafft - und was ganz zwanglos begann, artete schnell aus. Ich bin zwar keine gelernte Fotografin, aber wenn man etwas aus Leidenschaft macht, dann ist es keine Arbeit.<\\\/p>\"}},{\"@type\":\"Question\",\"name\":\"Wieviele Hochzeiten fotografierst du?\",\"acceptedAnswer\":{\"@type\":\"Answer\",\"text\":\"<p>Das kann ich nicht pauschal sagen. Ich bin ein sehr individueller &amp; straighter Mensch. Bei mir gibt es keine Massenabfertigung. Ich nehme mir f\\u00fcr die Bearbeitung der Bilder die Zeit, die es braucht. Nicht jeder Stil passt zu jedem Brautpaar. Und da m\\u00f6chte ich mich nicht schon auf die n\\u00e4chste Hochzeit gedanklich vorbereiten m\\u00fcssen, wo ich noch mit der vorherigen besch\\u00e4ftigt bin. Mein Workflow beinhaltet ein Projekt pro Monat, und das ist gut so. Meine Leidenschaft soll nicht in Stress ausarten.<\\\/p>\"}},{\"@type\":\"Question\",\"name\":\"Wie fr\\u00fch sollte man einen Fotografen buchen?\",\"acceptedAnswer\":{\"@type\":\"Answer\",\"text\":\"<p>Sobald ihr euch auf einen Termin geeinigt habt. Da Hochzeiten vorwiegend am Wochenende stattfinden, sind beliebte Daten fr\\u00fch vergeben. Termine unter der Woche sind h\\u00e4ufiger verf\\u00fcgbar. Paar- und Familienshootings sind immer kurzfristig verf\\u00fcgbar.<\\\/p>\"}},{\"@type\":\"Question\",\"name\":\"Wie viel Bedenkzeit haben wir nach unserer Anfrage?\",\"acceptedAnswer\":{\"@type\":\"Answer\",\"text\":\"<p>F\\u00fcr ein beliebtes Hochzeitsdatum kommen nat\\u00fcrlich \\u00f6fter Anfragen als f\\u00fcr andere Daten. Die Zusage f\\u00fcr ein Datum bekommt das Paar, welches sich als erstes entscheidet. Wenn euer Wunschdatum noch verf\\u00fcgbar ist, dann z\\u00f6gert nicht zu lange. Das Datum ist erst mit Zahlung der Terminreservierungsgeb\\u00fchr fest f\\u00fcr euch reserviert.<\\\/p>\"}},{\"@type\":\"Question\",\"name\":\"Wieviele Fotos bekommen wir?\",\"acceptedAnswer\":{\"@type\":\"Answer\",\"text\":\"<p>Bei einer Hochzeitsreportage enstehen schon mal 600-1000 Fotos, bei einem Paar-Shooting ca. 50-100 Fotos innerhalb einer Stunde. Grunds\\u00e4tzlich bekommt ihr alle Fotos, die es nach meiner Vor-Selektierung in die n\\u00e4chste Runde schaffen. Die genaue Anzahl h\\u00e4ngt aber vom Umfang des gebuchten Paketes ab.<\\\/p>\"}},{\"@type\":\"Question\",\"name\":\"Wie lange m\\u00fcssen wir auf die Fotos warten?\",\"acceptedAnswer\":{\"@type\":\"Answer\",\"text\":\"<p>Auch das h\\u00e4ngt vom gebuchten Paket ab. Die Bilder einer Hochzeitsreportage sind in der Regel 4 Wochen nach der Hochzeit fertig. Ein paar Tage nach der Hochzeit bekommt ihr bis zu 5 Exemplare vorab, damit ihr schon einen kleinen Vorgeschmack bekommt.<\\\/p><p>Die fertigen Fotos werden in einer Onlinegalerie mit Downloadm\\u00f6glichkeit zur Verf\\u00fcgung gestellt. \\u00dcberlieferung der Daten auf USB-Stick oder Speicherkarte ist nat\\u00fcrlich auch m\\u00f6glich.<\\\/p>\"}},{\"@type\":\"Question\",\"name\":\"Was machst du, wenn die Technik streikt?\",\"acceptedAnswer\":{\"@type\":\"Answer\",\"text\":\"<p>Sollte die Kamera streiken: ich habe immer eine zweite dabei.<\\\/p><p>Weist ein Objektiv einen Defekt auf: ich habe drei weitere dabei.<\\\/p><p>Eine Speicherkarte hat fehlerhafte Daten gespeichert: in meinen Kameras befinden sich immer zwei Speicherkarten, die simultan aufzeichnen.<\\\/p><p>Ich bin mir sicher, dass das einer der Punkte ist, die einen Profi vom Dilettanten unterscheidet. Zu jedem Auftrag bringe ich eine Vielzahl an Akkus, Speicherkarten, Blitzen und Objektiven mit.<\\\/p>\"}},{\"@type\":\"Question\",\"name\":\"Bewahrst du eine Sicherung unserer Fotos auf?\",\"acceptedAnswer\":{\"@type\":\"Answer\",\"text\":\"<p>Auf euren ausdr\\u00fccklichen Wunsch speichere ich eure Fotos. In Zeiten von DSGVO-bedenklichen Daten ist das gar nicht mehr so einfach, mit eurer schriftlichen Beauftragung aber kein Problem.<br \\\/>Ich rate euch allerdings, zeitnah Kopien anzufertigen und die Dateien in einer Clound und zus\\u00e4tzlich auf einem zweiten Stick oder einer externen Festplatte zu sichern.<\\\/p>\"}},{\"@type\":\"Question\",\"name\":\"Wie bezahlen wir?\",\"acceptedAnswer\":{\"@type\":\"Answer\",\"text\":\"<p>Nach Vertragsabschluss ist innerhalb von 14 Tagen eine Terminreservierungsgeb\\u00fchr in H\\u00f6he von 30% der Gesamtsumme f\\u00e4llig. Die Restsumme nach Eurer Hochzeit vor \\u00dcberlieferung der Fotos. In jedem Fall k\\u00f6nnt Ihr bequem \\u00fcberweisen und m\\u00fcsst nicht an Eurem Hochzeitstag mit Bargeld hantieren.<\\\/p>\"}},{\"@type\":\"Question\",\"name\":\"D\\u00fcrfen wir die Fotos privat ver\\u00f6ffentlichen?\",\"acceptedAnswer\":{\"@type\":\"Answer\",\"text\":\"<p>Ihr k\\u00f6nnt die Fotos gerne privat ver\\u00f6ffentlichen. Bez\\u00fcglich meiner Namensnennung als Urheberrechtsinhaber seid ihr rechtlich gesehen strenggenommen sogar dazu verpflichtet, mich bei jeder ver\\u00f6ffentlichten Aufnahme zu erw\\u00e4hnen. Ich sehe das jedoch nicht so eng und \\u00fcberlasse euch die Entscheidung. Selbstverst\\u00e4ndlich freue ich mich aber sehr, wenn ihr mich nennt und verlinkt!<\\\/p><p>Falls ihr plant, meine Fotos kommerziell zu nutzen, bitte ich darum, sprecht mich bitte an, damit wir dies vertraglich regeln k\\u00f6nnen.<\\\/p>\"}},{\"@type\":\"Question\",\"name\":\"D\\u00fcrfen wir deine Fotos bearbeiten?\",\"acceptedAnswer\":{\"@type\":\"Answer\",\"text\":\"<p>Die Bearbeitung meiner Fotos ist nicht erlaubt. Der Bearbeitungsstil geh\\u00f6rt zu meiner professionellen Arbeit als Hochzeitsfotograf und ist ein wesentlicher Bestandteil meiner Bildsprache und meiner Kreativit\\u00e4t. Daher ist es nicht gestattet, die Fotos durch euch oder Dritte zu bearbeiten oder zu ver\\u00e4ndern. Dies gilt auch f\\u00fcr s\\u00e4mtliche social-media-Filter von Instagram, Facebook und Co.<\\\/p>\"}}]}<\/script>\n\t\t\t\t<\/div>\n\t\t\t\t<\/div>\n\t\t\t\t\t<\/div>\n\t\t<\/div>\n\t\t\t\t\t<\/div>\n\t\t<\/section>\n\t\t\t\t<section class=\"elementor-section elementor-top-section elementor-element elementor-element-177b84e1 elementor-section-boxed elementor-section-height-default elementor-section-height-default\" data-id=\"177b84e1\" data-element_type=\"section\">\n\t\t\t\t\t\t<div class=\"elementor-container elementor-column-gap-no\">\n\t\t\t\t\t<div class=\"elementor-column elementor-col-50 elementor-top-column elementor-element elementor-element-755b75f9\" data-id=\"755b75f9\" data-element_type=\"column\">\n\t\t\t<div class=\"elementor-widget-wrap elementor-element-populated\">\n\t\t\t\t\t\t<div class=\"elementor-element elementor-element-3bdeb470 elementor-widget elementor-widget-qi_addons_for_elementor_section_title\" data-id=\"3bdeb470\" data-element_type=\"widget\" data-widget_type=\"qi_addons_for_elementor_section_title.default\">\n\t\t\t\t<div class=\"elementor-widget-container\">\n\t\t\t\t\t<div class=\"qodef-shortcode qodef-m qodef-qi-section-title qodef-decoration--underline qodef-link--underline-draw qodef-subtitle-icon--left\">\n\t\t\t\t\t\t<h2 class=\"qodef-m-title\">\n\t\t<span class=\"qodef-e-colored\">Reden<\/span> wir \u00fcber die Kosten...\t<\/h2>\n\t\t\t<\/div>\n\t\t\t\t<\/div>\n\t\t\t\t<\/div>\n\t\t\t\t\t<\/div>\n\t\t<\/div>\n\t\t\t\t<div class=\"elementor-column elementor-col-50 elementor-top-column elementor-element elementor-element-79af35d9\" data-id=\"79af35d9\" data-element_type=\"column\">\n\t\t\t<div class=\"elementor-widget-wrap elementor-element-populated\">\n\t\t\t\t\t\t<div class=\"elementor-element elementor-element-6410d3da elementor-widget elementor-widget-qi_addons_for_elementor_faq\" data-id=\"6410d3da\" data-element_type=\"widget\" data-widget_type=\"qi_addons_for_elementor_faq.default\">\n\t\t\t\t<div class=\"elementor-widget-container\">\n\t\t\t\t\t<div class=\"qodef-shortcode qodef-m qodef-qi-faq qodef-qi-clear qodef-behavior--none qodef-layout--simple qodef-style--boxed\">\n\t<h3 class=\"qodef-e-title-holder\">\n\t<span class=\"qodef-e-title\">\n\t\t\t\t\t<\/span>\n\t<\/h3>\n<div class=\"qodef-e-content\">\n\t<div class=\"qodef-e-content-inner\">\n\t\t<p>Ich beziehe hier mal (m)eine klare Stellung.<br \/>F\u00fchren wir uns vor Augen: nichts im Leben ist umsonst. Und trotzdem bin ich der Meinung, dass die Fotos vom sch\u00f6nsten Tag im Leben bezahlbar sein sollten.<\/p><p><br \/>Aus diesem Grund arbeite ich mit unterschiedlichen Paketen. Da ist f\u00fcr jeden das passende dabei.<br \/>Von einem kurzen Shooting im Hochzeitsdress bis zur einer Ganztags-Reportage inklusive vorherigem Pre-Wedding-Paarshooting ist alles m\u00f6glich.<br \/>Meldet euch bei mir, dann schn\u00fcren wir euer indivuelles Paket.<\/p>\t<\/div>\n<\/div>\n<\/div>\n\t<script type=\"application\/ld+json\">{\"@context\":\"https:\\\/\\\/schema.org\",\"@type\":\"FAQPage\",\"mainEntity\":[]}<\/script>\n\t\t\t\t<\/div>\n\t\t\t\t<\/div>\n\t\t\t\t\t<\/div>\n\t\t<\/div>\n\t\t\t\t\t<\/div>\n\t\t<\/section>\n\t\t\t\t<\/div>\n\t\t","protected":false},"excerpt":{"rendered":"<p>Kl\u00e4ren wir offene Fragen! FAQ Wie lange fotografierst du schon? Im Jahr 2005 habe ich die erste Spiegelreflexkamera angeschafft &#8211; und was ganz zwanglos begann, artete schnell aus. Ich bin zwar keine gelernte Fotografin, aber wenn man etwas aus Leidenschaft macht, dann ist es keine Arbeit. Wieviele Hochzeiten fotografierst du? Das kann ich nicht pauschal [&hellip;]<\/p>\n","protected":false},"author":1,"featured_media":0,"parent":0,"menu_order":0,"comment_status":"closed","ping_status":"closed","template":"","meta":{"footnotes":""},"class_list":["post-356","page","type-page","status-publish","hentry"],"_links":{"self":[{"href":"https:\/\/knackenscharf.de\/index.php?rest_route=\/wp\/v2\/pages\/356","targetHints":{"allow":["GET"]}}],"collection":[{"href":"https:\/\/knackenscharf.de\/index.php?rest_route=\/wp\/v2\/pages"}],"about":[{"href":"https:\/\/knackenscharf.de\/index.php?rest_route=\/wp\/v2\/types\/page"}],"author":[{"embeddable":true,"href":"https:\/\/knackenscharf.de\/index.php?rest_route=\/wp\/v2\/users\/1"}],"replies":[{"embeddable":true,"href":"https:\/\/knackenscharf.de\/index.php?rest_route=%2Fwp%2Fv2%2Fcomments&post=356"}],"version-history":[{"count":11,"href":"https:\/\/knackenscharf.de\/index.php?rest_route=\/wp\/v2\/pages\/356\/revisions"}],"predecessor-version":[{"id":878,"href":"https:\/\/knackenscharf.de\/index.php?rest_route=\/wp\/v2\/pages\/356\/revisions\/878"}],"wp:attachment":[{"href":"https:\/\/knackenscharf.de\/index.php?rest_route=%2Fwp%2Fv2%2Fmedia&parent=356"}],"curies":[{"name":"wp","href":"https:\/\/api.w.org\/{rel}","templated":true}]}}